{"id":21187,"date":"2024-11-21T07:12:55","date_gmt":"2024-11-21T07:12:55","guid":{"rendered":"https:\/\/experienciaindia.com\/?page_id=21187"},"modified":"2025-04-15T08:32:32","modified_gmt":"2025-04-15T08:32:32","slug":"festivals-fairs","status":"publish","type":"page","link":"https:\/\/savanasafari.in\/es\/festivals-fairs\/","title":{"rendered":"Festivales y ferias"},"content":{"rendered":"<div data-elementor-type=\"wp-page\" data-elementor-id=\"21187\" class=\"elementor elementor-21187\" data-elementor-post-type=\"page\">\n\t\t\t\t<div class=\"elementor-element elementor-element-5c07197 e-flex e-con-boxed e-con e-parent\" data-id=\"5c07197\" data-element_type=\"container\">\n\t\t\t\t\t<div class=\"e-con-inner\">\n\t\t<div class=\"elementor-element elementor-element-122431a e-con-full e-flex e-con e-child\" data-id=\"122431a\" data-element_type=\"container\">\n\t\t\t\t<div class=\"elementor-element elementor-element-1126eeb elementor-widget elementor-widget-text-editor\" data-id=\"1126eeb\" data-element_type=\"widget\" data-widget_type=\"text-editor.default\">\n\t\t\t\t<div class=\"elementor-widget-container\">\n\t\t\t\t\t\t\t\t\t<p><span style=\"font-weight: 400;\"><strong>Ferias y festivales<\/strong> En India, las festividades son m\u00e1s que simples celebraciones: son un reflejo de la cultura y el esp\u00edritu del pa\u00eds. Ferias como el Festival Internacional de Cometas y el Rann Utsav ofrecen impresionantes im\u00e1genes y animadas tradiciones. La Kumbh Mela 2025 se erige como una de las mayores reuniones religiosas, mientras que Poila Boishakh celebra el A\u00f1o Nuevo Bengal\u00ed con comida, baile y orgullo cultural. Tanto si buscas aventura como espiritualidad, las ferias y festivales de India prometen momentos inolvidables.<\/span><span style=\"font-weight: 400;\"><br \/><\/span><\/p>\t\t\t\t\t\t\t\t<\/div>\n\t\t\t\t<\/div>\n\t\t\t\t<\/div>\n\t\t\t\t\t<\/div>\n\t\t\t\t<\/div>\n\t\t<div class=\"elementor-element elementor-element-1c0c130 e-flex e-con-boxed e-con e-parent\" data-id=\"1c0c130\" data-element_type=\"container\">\n\t\t\t\t\t<div class=\"e-con-inner\">\n\t\t\t\t<div class=\"elementor-element elementor-element-5762202 elementor-widget__width-initial animated-slow elementor-invisible elementor-widget elementor-widget-uipro-heading\" data-id=\"5762202\" data-element_type=\"widget\" data-settings=\"{&quot;_animation&quot;:&quot;fadeInDown&quot;}\" data-widget_type=\"uipro-heading.default\">\n\t\t\t\t<div class=\"elementor-widget-container\">\n\t\t\t\t\t<div class=\"templaza-parallax templaza-widget-heading template-base\"><div class=\"sc_heading uk-flex uk-flex-column uk-position-relative center\"><span class=\"sub-heading uk-flex uk-flex-inline uk-flex-middle\"><span class=\"sub-heading-content\">Celebrando la cultura<\/span><\/span><h3 class=\"title uk-h3 uk-margin\"><span class=\"heading-highlighted-wrapper\"><span class=\"heading-plain-text\">Festivales y ferias en la India<\/span><\/span><\/h3><span class=\"line uk-flex uk-flex-inline\"><\/span><\/div><\/div>\t\t\t\t<\/div>\n\t\t\t\t<\/div>\n\t\t\t\t<div class=\"elementor-element elementor-element-b29b749 elementor-widget elementor-widget-uipro-uiadvancedproduct-category\" data-id=\"b29b749\" data-element_type=\"widget\" data-widget_type=\"uipro-uiadvancedproduct-category.default\">\n\t\t\t\t<div class=\"elementor-widget-container\">\n\t\t\t\t\t<div class=\"templaza-parallax templaza-widget-uiadvancedproduct-category template-grid\"><div class=\"ap_category_element\" >\n    <div class=\"tz-ap-category uk-child-width-1-1 uk-child-width-1-2@s     uk-child-width-1-3@m uk-child-width-1-3@l uk-child-width-1-3@xl uk-grid\" data-uk-grid>\n            <\/div>\n<\/div>\n<\/div>\t\t\t\t<\/div>\n\t\t\t\t<\/div>\n\t\t\t\t\t<\/div>\n\t\t\t\t<\/div>\n\t\t\t\t<\/div>","protected":false},"excerpt":{"rendered":"<p>Fairs &amp; Festivals in India are more than celebrations &#8211; they are a reflection\u00a0 into the country\u2019s culture and spirit. Fairs like the International Kite Festival and Rann Utsav offer stunning visuals and lively traditions. Kumbh Mela 2025 stands as one of the largest gatherings of faith, while Poila Boishakh brings in the Bengali New&hellip; <a class=\"more-link\" href=\"https:\/\/savanasafari.in\/es\/festivals-fairs\/\">Sigue leyendo <span class=\"screen-reader-text\">Festivales y ferias<\/span><\/a><\/p>","protected":false},"author":6,"featured_media":0,"parent":0,"menu_order":0,"comment_status":"closed","ping_status":"closed","template":"","meta":{"footnotes":""},"class_list":["post-21187","page","type-page","status-publish","hentry"],"yoast_head":"<!-- This site is optimized with the Yoast SEO Premium plugin v23.2 (Yoast SEO v25.4) - https:\/\/yoast.com\/wordpress\/plugins\/seo\/ -->\n<title>Festivals &amp; Fairs - Savana Safari<\/title>\n<meta name=\"robots\" content=\"index, follow, max-snippet:-1, max-image-preview:large, max-video-preview:-1\" \/>\n<link rel=\"canonical\" href=\"https:\/\/savanasafari.in\/es\/festivals-fairs\/\" \/>\n<meta property=\"og:locale\" content=\"es_ES\" \/>\n<meta property=\"og:type\" content=\"article\" \/>\n<meta property=\"og:title\" content=\"Festivals &amp; Fairs\" \/>\n<meta property=\"og:description\" content=\"Fairs &amp; Festivals in India are more than celebrations &#8211; they are a reflection\u00a0 into the country\u2019s culture and spirit. Fairs like the International Kite Festival and Rann Utsav offer stunning visuals and lively traditions. Kumbh Mela 2025 stands as one of the largest gatherings of faith, while Poila Boishakh brings in the Bengali New&hellip; Continue reading Festivals &amp; Fairs\" \/>\n<meta property=\"og:url\" content=\"https:\/\/savanasafari.in\/es\/festivals-fairs\/\" \/>\n<meta property=\"og:site_name\" content=\"Savana Safari\" \/>\n<meta property=\"article:publisher\" content=\"https:\/\/www.facebook.com\/savanasafari.in\" \/>\n<meta property=\"article:modified_time\" content=\"2025-04-15T08:32:32+00:00\" \/>\n<meta property=\"og:image\" content=\"https:\/\/savanasafari.in\/wp-content\/uploads\/2024\/12\/unnamed.jpg\" \/>\n<meta name=\"twitter:card\" content=\"summary_large_image\" \/>\n<meta name=\"twitter:label1\" content=\"Tiempo de lectura\" \/>\n\t<meta name=\"twitter:data1\" content=\"2 minutos\" \/>\n<!-- \/ Yoast SEO Premium plugin. -->","yoast_head_json":{"title":"Festivals &amp; Fairs - Savana Safari","robots":{"index":"index","follow":"follow","max-snippet":"max-snippet:-1","max-image-preview":"max-image-preview:large","max-video-preview":"max-video-preview:-1"},"canonical":"https:\/\/savanasafari.in\/es\/festivals-fairs\/","og_locale":"es_ES","og_type":"article","og_title":"Festivals &amp; Fairs","og_description":"Fairs &amp; Festivals in India are more than celebrations &#8211; they are a reflection\u00a0 into the country\u2019s culture and spirit. Fairs like the International Kite Festival and Rann Utsav offer stunning visuals and lively traditions. Kumbh Mela 2025 stands as one of the largest gatherings of faith, while Poila Boishakh brings in the Bengali New&hellip; Continue reading Festivals &amp; Fairs","og_url":"https:\/\/savanasafari.in\/es\/festivals-fairs\/","og_site_name":"Savana Safari","article_publisher":"https:\/\/www.facebook.com\/savanasafari.in","article_modified_time":"2025-04-15T08:32:32+00:00","og_image":[{"url":"https:\/\/savanasafari.in\/wp-content\/uploads\/2024\/12\/unnamed.jpg","type":"","width":"","height":""}],"twitter_card":"summary_large_image","twitter_misc":{"Tiempo de lectura":"2 minutos"},"schema":{"@context":"https:\/\/schema.org","@graph":[{"@type":"WebPage","@id":"https:\/\/savanasafari.in\/festivals-fairs\/","url":"https:\/\/savanasafari.in\/festivals-fairs\/","name":"Festivals &amp; Fairs - Savana Safari","isPartOf":{"@id":"https:\/\/savanasafari.in\/#website"},"primaryImageOfPage":{"@id":"https:\/\/savanasafari.in\/festivals-fairs\/#primaryimage"},"image":{"@id":"https:\/\/savanasafari.in\/festivals-fairs\/#primaryimage"},"thumbnailUrl":"https:\/\/savanasafari.in\/wp-content\/uploads\/2024\/12\/unnamed.jpg","datePublished":"2024-11-21T07:12:55+00:00","dateModified":"2025-04-15T08:32:32+00:00","breadcrumb":{"@id":"https:\/\/savanasafari.in\/festivals-fairs\/#breadcrumb"},"inLanguage":"es","potentialAction":[{"@type":"ReadAction","target":["https:\/\/savanasafari.in\/festivals-fairs\/"]}]},{"@type":"ImageObject","inLanguage":"es","@id":"https:\/\/savanasafari.in\/festivals-fairs\/#primaryimage","url":"https:\/\/savanasafari.in\/wp-content\/uploads\/2024\/12\/unnamed.jpg","contentUrl":"https:\/\/savanasafari.in\/wp-content\/uploads\/2024\/12\/unnamed.jpg"},{"@type":"BreadcrumbList","@id":"https:\/\/savanasafari.in\/festivals-fairs\/#breadcrumb","itemListElement":[{"@type":"ListItem","position":1,"name":"Home","item":"https:\/\/savanasafari.in\/"},{"@type":"ListItem","position":2,"name":"Festivals &amp; Fairs"}]},{"@type":"WebSite","@id":"https:\/\/savanasafari.in\/#website","url":"https:\/\/savanasafari.in\/","name":"Savana Safari","description":"Your Tryst with Adventure","publisher":{"@id":"https:\/\/savanasafari.in\/#organization"},"potentialAction":[{"@type":"SearchAction","target":{"@type":"EntryPoint","urlTemplate":"https:\/\/savanasafari.in\/?s={search_term_string}"},"query-input":{"@type":"PropertyValueSpecification","valueRequired":true,"valueName":"search_term_string"}}],"inLanguage":"es"},{"@type":"Organization","@id":"https:\/\/savanasafari.in\/#organization","name":"Savana Safari","url":"https:\/\/savanasafari.in\/","logo":{"@type":"ImageObject","inLanguage":"es","@id":"https:\/\/savanasafari.in\/#\/schema\/logo\/image\/","url":"https:\/\/savanasafari.in\/wp-content\/uploads\/2025\/05\/savana-safari-logo.png","contentUrl":"https:\/\/savanasafari.in\/wp-content\/uploads\/2025\/05\/savana-safari-logo.png","width":1301,"height":558,"caption":"Savana Safari"},"image":{"@id":"https:\/\/savanasafari.in\/#\/schema\/logo\/image\/"},"sameAs":["https:\/\/www.facebook.com\/savanasafari.in","https:\/\/www.instagram.com\/savanasafarie","https:\/\/www.youtube.com\/SAVANASAFARI"],"description":"SAVANA SAFARI is engaged in adventure tourism, organizing Safaris to Kenya, Tanzania, Uganda, Namibia & Botswana for Indians. Formed by a group of Animal lovers and Naturalists led by a veteran banker, they are advised by tourism and legal professionals. Savana Safari offers you customized adventure solutions, with highly-personalized tour packages to Kenya, Tanzania, Uganda, Namibia & Botswana. Our experienced team offers unforgettable safaris, focusing on wildlife conservation, cultural experiences, and personalized adventures","email":"info@savanasafari.in","telephone":"+91-9004627729","legalName":"Savana Safari"}]}},"_links":{"self":[{"href":"https:\/\/savanasafari.in\/es\/wp-json\/wp\/v2\/pages\/21187","targetHints":{"allow":["GET"]}}],"collection":[{"href":"https:\/\/savanasafari.in\/es\/wp-json\/wp\/v2\/pages"}],"about":[{"href":"https:\/\/savanasafari.in\/es\/wp-json\/wp\/v2\/types\/page"}],"author":[{"embeddable":true,"href":"https:\/\/savanasafari.in\/es\/wp-json\/wp\/v2\/users\/6"}],"replies":[{"embeddable":true,"href":"https:\/\/savanasafari.in\/es\/wp-json\/wp\/v2\/comments?post=21187"}],"version-history":[{"count":13,"href":"https:\/\/savanasafari.in\/es\/wp-json\/wp\/v2\/pages\/21187\/revisions"}],"predecessor-version":[{"id":21667,"href":"https:\/\/savanasafari.in\/es\/wp-json\/wp\/v2\/pages\/21187\/revisions\/21667"}],"wp:attachment":[{"href":"https:\/\/savanasafari.in\/es\/wp-json\/wp\/v2\/media?parent=21187"}],"curies":[{"name":"wp","href":"https:\/\/api.w.org\/{rel}","templated":true}]}}