{"id":19040,"date":"2024-04-04T09:41:40","date_gmt":"2024-04-04T09:41:40","guid":{"rendered":"http:\/\/travelami.templaza.net\/?page_id=19040"},"modified":"2025-01-20T06:54:26","modified_gmt":"2025-01-20T06:54:26","slug":"blogs","status":"publish","type":"page","link":"https:\/\/savanasafari.in\/es\/blogs\/","title":{"rendered":"Blogs"},"content":{"rendered":"<div data-elementor-type=\"wp-page\" data-elementor-id=\"19040\" class=\"elementor elementor-19040\" data-elementor-post-type=\"page\">\n\t\t\t\t<div class=\"elementor-element elementor-element-dbfe824 e-con-full e-flex e-con e-parent\" data-id=\"dbfe824\" data-element_type=\"container\">\n\t\t\t\t<div class=\"elementor-element elementor-element-cefa85a elementor-widget elementor-widget-uipro-uiposts\" data-id=\"cefa85a\" data-element_type=\"widget\" data-widget_type=\"uipro-uiposts.default\">\n\t\t\t\t<div class=\"elementor-widget-container\">\n\t\t\t\t\t<div class=\"templaza-parallax templaza-widget-uiposts template-base\"><div class=\"ui-posts base post\"><div class=\"ui-posts-list-items\" data-uk-grid><div class=\"ui-posts-intro-item uk-width-1-1\"><div class=\"ui-posts-items-outer uk-dark\"><div class=\"\"><div class=\"ui-post-items uk-child-width-1-3@xl uk-child-width-1-3@l uk-child-width-1-3@m uk-child-width-1-2@s uk-child-width-1-1\" data-uk-grid=\"\"><article data-tag=\"\" data-cat=\"blog\" data-date=\"2026-03-13\" data-hits=\"12\"><div class=\"uk-article uk-card  templaza-thumb-ripple  img_radius uk-transition-toggle  uk-card-custom\"><a class=\"tz-img  uk-position-relative  uk-height-1-1 ui-post-thumbnail uk-display-block uk-card-media-top tz-image-cover uk-cover-container uk-overflow-hidden custom\" href=\"https:\/\/savanasafari.in\/es\/how-where-to-spot-the-african-elephant-lion-rhinoceros-leopard-african-buffalo-on-safari\/\"><img fetchpriority=\"high\" decoding=\"async\" width=\"580\" height=\"387\" src=\"https:\/\/savanasafari.in\/wp-content\/uploads\/2026\/03\/African-big-five-blog_pp-1024x683.jpg\" class=\"uk-transition-ripple uk-transition-opaque\" alt=\"\" data-uk-cover=\"\" srcset=\"https:\/\/savanasafari.in\/wp-content\/uploads\/2026\/03\/African-big-five-blog_pp-1024x683.jpg 1024w, https:\/\/savanasafari.in\/wp-content\/uploads\/2026\/03\/African-big-five-blog_pp-300x200.jpg 300w, https:\/\/savanasafari.in\/wp-content\/uploads\/2026\/03\/African-big-five-blog_pp-768x512.jpg 768w, https:\/\/savanasafari.in\/wp-content\/uploads\/2026\/03\/African-big-five-blog_pp-18x12.webp 18w, https:\/\/savanasafari.in\/wp-content\/uploads\/2026\/03\/African-big-five-blog_pp.jpg 1200w\" sizes=\"(max-width: 580px) 100vw, 580px\" \/><div class=\"templaza-ripple-circles uk-position-center uk-transition-fade\">\n                        <div class=\"circle1\"><\/div>\n                        <div class=\"circle2\"><\/div>\n                        <div class=\"circle3\"><\/div>\n                    <\/div><\/a><div class=\"ui-post-info-wrap\"><div class=\"uk-card-body\"><div class=\"ui-post-meta-top uk-article-meta uk-margin-custom\" data-uk-margin><span class=\"ui-post-meta-date\">13 de marzo de 2026<\/span><span class=\"ui-post-meta-category\"><a href=\"https:\/\/savanasafari.in\/es\/category\/blog\/\" rel=\"category tag\">Blog<\/a><\/span><\/div><h3 class=\"ui-title uk-margin-remove-top uk-h3 uk-margin-bottom\"><a href=\"https:\/\/savanasafari.in\/es\/how-where-to-spot-the-african-elephant-lion-rhinoceros-leopard-african-buffalo-on-safari\/\">C\u00f3mo y d\u00f3nde avistar elefantes africanos, leones, rinocerontes, leopardos y b\u00fafalos africanos en un safari.<\/a><\/h3><a class=\"ui-post-button uk-button uk-button-custom uk-margin-custom-top uk-border-rounded\" href=\"https:\/\/savanasafari.in\/es\/how-where-to-spot-the-african-elephant-lion-rhinoceros-leopard-african-buffalo-on-safari\/\">Leer m\u00e1s<\/a><\/div><\/div><\/div><\/article><article data-tag=\"\" data-cat=\"blog\" data-date=\"2025-12-05\" data-hits=\"58\"><div class=\"uk-article uk-card  templaza-thumb-ripple  img_radius uk-transition-toggle  uk-card-custom\"><a class=\"tz-img  uk-position-relative  uk-height-1-1 ui-post-thumbnail uk-display-block uk-card-media-top tz-image-cover uk-cover-container uk-overflow-hidden custom\" href=\"https:\/\/savanasafari.in\/es\/the-epic-journey-understanding-the-great-migration-when-to-go-and-what-to-expect\/\"><img decoding=\"async\" width=\"580\" height=\"386\" src=\"https:\/\/savanasafari.in\/wp-content\/uploads\/2025\/12\/f11b4fb1605f18a8901b58444ec62ac89b1fac8f-1600x1064-1-1024x681.avif\" class=\"uk-transition-ripple uk-transition-opaque\" alt=\"\" data-uk-cover=\"\" srcset=\"https:\/\/savanasafari.in\/wp-content\/uploads\/2025\/12\/f11b4fb1605f18a8901b58444ec62ac89b1fac8f-1600x1064-1-1024x681.avif 1024w, https:\/\/savanasafari.in\/wp-content\/uploads\/2025\/12\/f11b4fb1605f18a8901b58444ec62ac89b1fac8f-1600x1064-1-300x200.avif 300w, https:\/\/savanasafari.in\/wp-content\/uploads\/2025\/12\/f11b4fb1605f18a8901b58444ec62ac89b1fac8f-1600x1064-1-768x511.avif 768w, https:\/\/savanasafari.in\/wp-content\/uploads\/2025\/12\/f11b4fb1605f18a8901b58444ec62ac89b1fac8f-1600x1064-1-1536x1022.avif 1536w, https:\/\/savanasafari.in\/wp-content\/uploads\/2025\/12\/f11b4fb1605f18a8901b58444ec62ac89b1fac8f-1600x1064-1-2048x1362.avif 2048w, https:\/\/savanasafari.in\/wp-content\/uploads\/2025\/12\/f11b4fb1605f18a8901b58444ec62ac89b1fac8f-1600x1064-1-18x12.avif 18w\" sizes=\"(max-width: 580px) 100vw, 580px\" \/><div class=\"templaza-ripple-circles uk-position-center uk-transition-fade\">\n                        <div class=\"circle1\"><\/div>\n                        <div class=\"circle2\"><\/div>\n                        <div class=\"circle3\"><\/div>\n                    <\/div><\/a><div class=\"ui-post-info-wrap\"><div class=\"uk-card-body\"><div class=\"ui-post-meta-top uk-article-meta uk-margin-custom\" data-uk-margin><span class=\"ui-post-meta-date\">5 de diciembre de 2025<\/span><span class=\"ui-post-meta-category\"><a href=\"https:\/\/savanasafari.in\/es\/category\/blog\/\" rel=\"category tag\">Blog<\/a><\/span><\/div><h3 class=\"ui-title uk-margin-remove-top uk-h3 uk-margin-bottom\"><a href=\"https:\/\/savanasafari.in\/es\/the-epic-journey-understanding-the-great-migration-when-to-go-and-what-to-expect\/\">El viaje \u00e9pico: comprender la Gran Migraci\u00f3n: cu\u00e1ndo ir y qu\u00e9 esperar<\/a><\/h3><a class=\"ui-post-button uk-button uk-button-custom uk-margin-custom-top uk-border-rounded\" href=\"https:\/\/savanasafari.in\/es\/the-epic-journey-understanding-the-great-migration-when-to-go-and-what-to-expect\/\">Leer m\u00e1s<\/a><\/div><\/div><\/div><\/article><article data-tag=\"\" data-cat=\"blog\" data-date=\"2025-06-05\" data-hits=\"279\"><div class=\"uk-article uk-card  templaza-thumb-ripple  img_radius uk-transition-toggle  uk-card-custom\"><a class=\"tz-img  uk-position-relative  uk-height-1-1 ui-post-thumbnail uk-display-block uk-card-media-top tz-image-cover uk-cover-container uk-overflow-hidden custom\" href=\"https:\/\/savanasafari.in\/es\/journey-to-the-heart-of-africa-kenya-and-tanzania-safari-tour-packages-from-india\/\"><img decoding=\"async\" width=\"580\" height=\"386\" src=\"https:\/\/savanasafari.in\/wp-content\/uploads\/2025\/06\/image.webp\" class=\"uk-transition-ripple uk-transition-opaque\" alt=\"\" data-uk-cover=\"\" srcset=\"https:\/\/savanasafari.in\/wp-content\/uploads\/2025\/06\/image.webp 806w, https:\/\/savanasafari.in\/wp-content\/uploads\/2025\/06\/image-300x200.webp 300w, https:\/\/savanasafari.in\/wp-content\/uploads\/2025\/06\/image-768x512.webp 768w, https:\/\/savanasafari.in\/wp-content\/uploads\/2025\/06\/image-18x12.webp 18w\" sizes=\"(max-width: 580px) 100vw, 580px\" \/><div class=\"templaza-ripple-circles uk-position-center uk-transition-fade\">\n                        <div class=\"circle1\"><\/div>\n                        <div class=\"circle2\"><\/div>\n                        <div class=\"circle3\"><\/div>\n                    <\/div><\/a><div class=\"ui-post-info-wrap\"><div class=\"uk-card-body\"><div class=\"ui-post-meta-top uk-article-meta uk-margin-custom\" data-uk-margin><span class=\"ui-post-meta-date\">5 de junio de 2025<\/span><span class=\"ui-post-meta-category\"><a href=\"https:\/\/savanasafari.in\/es\/category\/blog\/\" rel=\"category tag\">Blog<\/a><\/span><\/div><h3 class=\"ui-title uk-margin-remove-top uk-h3 uk-margin-bottom\"><a href=\"https:\/\/savanasafari.in\/es\/journey-to-the-heart-of-africa-kenya-and-tanzania-safari-tour-packages-from-india\/\">Viaje al coraz\u00f3n de \u00c1frica: Paquetes de safari por Kenia y Tanzania desde India<\/a><\/h3><a class=\"ui-post-button uk-button uk-button-custom uk-margin-custom-top uk-border-rounded\" href=\"https:\/\/savanasafari.in\/es\/journey-to-the-heart-of-africa-kenya-and-tanzania-safari-tour-packages-from-india\/\">Leer m\u00e1s<\/a><\/div><\/div><\/div><\/article><\/div><\/div><\/div><\/div><\/div><div class=\"ui-post-pagination uk-text-center uk-margin-large-top\"><\/div><\/div><\/div>\t\t\t\t<\/div>\n\t\t\t\t<\/div>\n\t\t\t\t<\/div>\n\t\t\t\t<\/div>","protected":false},"excerpt":{"rendered":"<p>January 18, 2025Blog Golden Triangle Tour for Food Lovers: A Culinary Journey Through India Read more January 15, 2025Blog Why Makar Sankranti Is Celebrated: A Cultural Extravaganza Read more January 8, 2025Blog 10 Insider Tips to Make the Most of Your Golden Triangle Tour Read more January 6, 2025Blog Why the Golden Triangle Tour is&hellip; <a class=\"more-link\" href=\"https:\/\/savanasafari.in\/es\/blogs\/\">Sigue leyendo <span class=\"screen-reader-text\">Blogs<\/span><\/a><\/p>","protected":false},"author":6,"featured_media":0,"parent":0,"menu_order":0,"comment_status":"closed","ping_status":"closed","template":"","meta":{"footnotes":""},"class_list":["post-19040","page","type-page","status-publish","hentry"],"yoast_head":"<!-- This site is optimized with the Yoast SEO Premium plugin v23.2 (Yoast SEO v25.4) - https:\/\/yoast.com\/wordpress\/plugins\/seo\/ -->\n<title>Blogs - Savana Safari<\/title>\n<meta name=\"robots\" content=\"index, follow, max-snippet:-1, max-image-preview:large, max-video-preview:-1\" \/>\n<link rel=\"canonical\" href=\"https:\/\/savanasafari.in\/es\/blogs\/\" \/>\n<meta property=\"og:locale\" content=\"es_ES\" \/>\n<meta property=\"og:type\" content=\"article\" \/>\n<meta property=\"og:title\" content=\"Blogs\" \/>\n<meta property=\"og:description\" content=\"January 18, 2025Blog Golden Triangle Tour for Food Lovers: A Culinary Journey Through India Read more January 15, 2025Blog Why Makar Sankranti Is Celebrated: A Cultural Extravaganza Read more January 8, 2025Blog 10 Insider Tips to Make the Most of Your Golden Triangle Tour Read more January 6, 2025Blog Why the Golden Triangle Tour is&hellip; Continue reading Blogs\" \/>\n<meta property=\"og:url\" content=\"https:\/\/savanasafari.in\/es\/blogs\/\" \/>\n<meta property=\"og:site_name\" content=\"Savana Safari\" \/>\n<meta property=\"article:publisher\" content=\"https:\/\/www.facebook.com\/savanasafari.in\" \/>\n<meta property=\"article:modified_time\" content=\"2025-01-20T06:54:26+00:00\" \/>\n<meta property=\"og:image\" content=\"https:\/\/savanasafari.in\/wp-content\/uploads\/2025\/01\/A-Culinary-Journey-Experiencia-India-1024x1024.png\" \/>\n<meta name=\"twitter:card\" content=\"summary_large_image\" \/>\n<meta name=\"twitter:label1\" content=\"Tiempo de lectura\" \/>\n\t<meta name=\"twitter:data1\" content=\"3 minutos\" \/>\n<!-- \/ Yoast SEO Premium plugin. -->","yoast_head_json":{"title":"Blogs - Savana Safari","robots":{"index":"index","follow":"follow","max-snippet":"max-snippet:-1","max-image-preview":"max-image-preview:large","max-video-preview":"max-video-preview:-1"},"canonical":"https:\/\/savanasafari.in\/es\/blogs\/","og_locale":"es_ES","og_type":"article","og_title":"Blogs","og_description":"January 18, 2025Blog Golden Triangle Tour for Food Lovers: A Culinary Journey Through India Read more January 15, 2025Blog Why Makar Sankranti Is Celebrated: A Cultural Extravaganza Read more January 8, 2025Blog 10 Insider Tips to Make the Most of Your Golden Triangle Tour Read more January 6, 2025Blog Why the Golden Triangle Tour is&hellip; Continue reading Blogs","og_url":"https:\/\/savanasafari.in\/es\/blogs\/","og_site_name":"Savana Safari","article_publisher":"https:\/\/www.facebook.com\/savanasafari.in","article_modified_time":"2025-01-20T06:54:26+00:00","og_image":[{"url":"https:\/\/savanasafari.in\/wp-content\/uploads\/2025\/01\/A-Culinary-Journey-Experiencia-India-1024x1024.png","type":"","width":"","height":""}],"twitter_card":"summary_large_image","twitter_misc":{"Tiempo de lectura":"3 minutos"},"schema":{"@context":"https:\/\/schema.org","@graph":[{"@type":"WebPage","@id":"https:\/\/savanasafari.in\/blogs\/","url":"https:\/\/savanasafari.in\/blogs\/","name":"Blogs - Savana Safari","isPartOf":{"@id":"https:\/\/savanasafari.in\/#website"},"primaryImageOfPage":{"@id":"https:\/\/savanasafari.in\/blogs\/#primaryimage"},"image":{"@id":"https:\/\/savanasafari.in\/blogs\/#primaryimage"},"thumbnailUrl":"https:\/\/savanasafari.in\/wp-content\/uploads\/2025\/01\/A-Culinary-Journey-Experiencia-India-1024x1024.png","datePublished":"2024-04-04T09:41:40+00:00","dateModified":"2025-01-20T06:54:26+00:00","breadcrumb":{"@id":"https:\/\/savanasafari.in\/blogs\/#breadcrumb"},"inLanguage":"es","potentialAction":[{"@type":"ReadAction","target":["https:\/\/savanasafari.in\/blogs\/"]}]},{"@type":"ImageObject","inLanguage":"es","@id":"https:\/\/savanasafari.in\/blogs\/#primaryimage","url":"https:\/\/savanasafari.in\/wp-content\/uploads\/2025\/01\/A-Culinary-Journey-Experiencia-India-1024x1024.png","contentUrl":"https:\/\/savanasafari.in\/wp-content\/uploads\/2025\/01\/A-Culinary-Journey-Experiencia-India-1024x1024.png"},{"@type":"BreadcrumbList","@id":"https:\/\/savanasafari.in\/blogs\/#breadcrumb","itemListElement":[{"@type":"ListItem","position":1,"name":"Home","item":"https:\/\/savanasafari.in\/"},{"@type":"ListItem","position":2,"name":"Blogs"}]},{"@type":"WebSite","@id":"https:\/\/savanasafari.in\/#website","url":"https:\/\/savanasafari.in\/","name":"Savana Safari","description":"Your Tryst with Adventure","publisher":{"@id":"https:\/\/savanasafari.in\/#organization"},"potentialAction":[{"@type":"SearchAction","target":{"@type":"EntryPoint","urlTemplate":"https:\/\/savanasafari.in\/?s={search_term_string}"},"query-input":{"@type":"PropertyValueSpecification","valueRequired":true,"valueName":"search_term_string"}}],"inLanguage":"es"},{"@type":"Organization","@id":"https:\/\/savanasafari.in\/#organization","name":"Savana Safari","url":"https:\/\/savanasafari.in\/","logo":{"@type":"ImageObject","inLanguage":"es","@id":"https:\/\/savanasafari.in\/#\/schema\/logo\/image\/","url":"https:\/\/savanasafari.in\/wp-content\/uploads\/2025\/05\/savana-safari-logo.png","contentUrl":"https:\/\/savanasafari.in\/wp-content\/uploads\/2025\/05\/savana-safari-logo.png","width":1301,"height":558,"caption":"Savana Safari"},"image":{"@id":"https:\/\/savanasafari.in\/#\/schema\/logo\/image\/"},"sameAs":["https:\/\/www.facebook.com\/savanasafari.in","https:\/\/www.instagram.com\/savanasafarie","https:\/\/www.youtube.com\/SAVANASAFARI"],"description":"SAVANA SAFARI is engaged in adventure tourism, organizing Safaris to Kenya, Tanzania, Uganda, Namibia & Botswana for Indians. Formed by a group of Animal lovers and Naturalists led by a veteran banker, they are advised by tourism and legal professionals. Savana Safari offers you customized adventure solutions, with highly-personalized tour packages to Kenya, Tanzania, Uganda, Namibia & Botswana. Our experienced team offers unforgettable safaris, focusing on wildlife conservation, cultural experiences, and personalized adventures","email":"info@savanasafari.in","telephone":"+91-9004627729","legalName":"Savana Safari"}]}},"_links":{"self":[{"href":"https:\/\/savanasafari.in\/es\/wp-json\/wp\/v2\/pages\/19040","targetHints":{"allow":["GET"]}}],"collection":[{"href":"https:\/\/savanasafari.in\/es\/wp-json\/wp\/v2\/pages"}],"about":[{"href":"https:\/\/savanasafari.in\/es\/wp-json\/wp\/v2\/types\/page"}],"author":[{"embeddable":true,"href":"https:\/\/savanasafari.in\/es\/wp-json\/wp\/v2\/users\/6"}],"replies":[{"embeddable":true,"href":"https:\/\/savanasafari.in\/es\/wp-json\/wp\/v2\/comments?post=19040"}],"version-history":[{"count":5,"href":"https:\/\/savanasafari.in\/es\/wp-json\/wp\/v2\/pages\/19040\/revisions"}],"predecessor-version":[{"id":21520,"href":"https:\/\/savanasafari.in\/es\/wp-json\/wp\/v2\/pages\/19040\/revisions\/21520"}],"wp:attachment":[{"href":"https:\/\/savanasafari.in\/es\/wp-json\/wp\/v2\/media?parent=19040"}],"curies":[{"name":"wp","href":"https:\/\/api.w.org\/{rel}","templated":true}]}}